{"id":214,"date":"2024-09-09T12:13:15","date_gmt":"2024-09-09T10:13:15","guid":{"rendered":"https:\/\/project35.de\/Home\/?page_id=214"},"modified":"2025-08-20T16:13:48","modified_gmt":"2025-08-20T14:13:48","slug":"impressum","status":"publish","type":"page","link":"https:\/\/project35.de\/Home\/?page_id=214","title":{"rendered":"Impressum"},"content":{"rendered":"\t\t<div data-elementor-type=\"wp-page\" data-elementor-id=\"214\" class=\"elementor elementor-214\">\n\t\t\t\t<div class=\"elementor-element elementor-element-cd49496 e-flex e-con-boxed e-con e-parent\" data-id=\"cd49496\" data-element_type=\"container\" data-e-type=\"container\">\n\t\t\t\t\t<div class=\"e-con-inner\">\n\t\t<div class=\"elementor-element elementor-element-0a66dc1 e-con-full e-flex e-con e-child\" data-id=\"0a66dc1\" data-element_type=\"container\" data-e-type=\"container\">\n\t\t\t\t<div class=\"elementor-element elementor-element-d66497a elementor-widget elementor-widget-text-editor\" data-id=\"d66497a\" data-element_type=\"widget\" data-e-type=\"widget\" data-widget_type=\"text-editor.default\">\n\t\t\t\t<div class=\"elementor-widget-container\">\n\t\t\t\t\t\t\t\t\t<h4 style=\"font-style: normal;\">Project35 Renewables e.K<\/h4>\n<p style=\"font-size: 14.4px; font-style: normal; font-weight: 400;\">Sommerdeich 1<\/p>\n<p style=\"font-size: 14.4px; font-style: normal; font-weight: 400;\">25709 Kaiser-Wilhelm-Koog<\/p>\n<p style=\"font-size: 14.4px; font-style: normal; font-weight: 400;\">Tel: +49 4856 900 9132<\/p>\n<p style=\"font-size: 14.4px; font-style: normal; font-weight: 400;\">Mail: info@project35.de<br>Web: www.project35.de<\/p>\n<h4 style=\"font-style: normal;\">Gr\u00fcnder\/ Founder:<\/h4>\n<p style=\"font-size: 14.4px; font-style: normal; font-weight: 400;\">Frank Gr\u00fctz<\/p>\n<h4 style=\"font-style: normal;\">Verantwortlich f\u00fcr den Inhalt \/ Responsible for the content:<\/h4>\n<p style=\"font-size: 14.4px; font-style: normal; font-weight: 400;\">Frank Gr\u00fctz<\/p>\n<p style=\"margin-bottom: 1.4em; font-size: 14.4px; font-style: normal; font-weight: 400;\">Eingetragen beim Amtsgericht Pinneberg:<br>HRA 9835 PI<\/p>\n<p style=\"margin-bottom: 1.4em; font-size: 14.4px; font-style: normal; font-weight: 400;\"><span style=\"font-family: var( --e-global-typography-text-font-family ), Sans-serif; font-size: 14.4px; text-align: var(--text-align); -webkit-tap-highlight-color: transparent; -webkit-text-size-adjust: 100%;\">Steuernummer: 16\/125\/02078<br><\/span><span style=\"font-family: var( --e-global-typography-text-font-family ), Sans-serif; text-align: var(--text-align); color: var( --e-global-color-text );\">Umsatzsteuer-ID: DE279342733<\/span><\/p>\n<p style=\"margin-bottom: 1.4em; font-size: 14.4px; font-style: normal; font-weight: 400;\"><span style=\"font-family: var( --e-global-typography-text-font-family ), Sans-serif; text-align: var(--text-align); color: var( --e-global-color-text );\">Project35\u00ae ist eine eingetragene Marke.<br>Eine rechtsverletzende Nutzung der marke ist verboten und wird geahndet.<\/span><\/p>\t\t\t\t\t\t\t\t<\/div>\n\t\t\t\t<\/div>\n\t\t\t\t<\/div>\n\t\t<div class=\"elementor-element elementor-element-4967932 e-con-full e-flex e-con e-child\" data-id=\"4967932\" data-element_type=\"container\" data-e-type=\"container\">\n\t\t\t\t<div class=\"elementor-element elementor-element-4a61cbb elementor-widget elementor-widget-text-editor\" data-id=\"4a61cbb\" data-element_type=\"widget\" data-e-type=\"widget\" data-widget_type=\"text-editor.default\">\n\t\t\t\t<div class=\"elementor-widget-container\">\n\t\t\t\t\t\t\t\t\t<h4>\u00a0<b style=\"font-size: 1.5rem; font-style: inherit; font-family: var( --e-global-typography-text-font-family ), Sans-serif; text-align: var(--text-align);\">Haftungsauschluss<\/b><\/h4><p><b>Inhalt des Onlineangebotes<br \/><\/b><br \/>Die Project35 Renewables e.K. \u00fcbernimmt keinerlei Gew\u00e4hr f\u00fcr die Aktualit\u00e4t, Korrektheit, Vollst\u00e4ndigkeit oder Qualit\u00e4t der bereitgestellten Informationen. Haftungsanspr\u00fcche gegen die Project35 Renewables e.K. , welche sich auf Sch\u00e4den materieller oder ideeller Art beziehen, die durch die Nutzung oder Nichtnutzung der dargebotenen Informationen bzw. durch die Nutzung fehlerhafter und unvollst\u00e4ndiger Informationen verursacht wurden, sind grunds\u00e4tzlich ausgeschlossen, sofern seitens der Project35 Renewables e.K. kein nachweislich vors\u00e4tzliches oder grob fahrl\u00e4ssiges Verschulden vorliegt. Alle Angebote sind freibleibend und unverbindlich. Wir behalten es uns ausdr\u00fccklich vor, Teile der Seiten oder das gesamte Angebot ohne gesonderte Ank\u00fcndigung zu ver\u00e4ndern, zu erg\u00e4nzen, zu l\u00f6schen oder die Ver\u00f6ffentlichung zeitweise oder endg\u00fcltig einzustellen.<\/p><h4><b>Verweise und Links<\/b><\/h4><p><strong>Bei direkten oder indirekten Verweisen auf fremde Internetseiten<\/strong><\/p><p>(\u201cLinks\u201d), die au\u00dferhalb unseres Verantwortungsbereiches liegen, w\u00fcrde eine Haftungsverpflichtung ausschlie\u00dflich in dem Fall in Kraft treten, in dem die Project35 Renewables e.K. von den Inhalten Kenntnis hat und es ihr technisch m\u00f6glich und zumutbar w\u00e4re, die Nutzung im Falle rechtswidriger Inhalte zu verhindern. Wir erkl\u00e4ren hiermit ausdr\u00fccklich, dass zum Zeitpunkt der Linksetzung keine illegalen Inhalte auf den zu verlinkenden Seiten erkennbar waren. Auf die aktuelle und zuk\u00fcnftige Gestaltung, die Inhalte oder die Urheberschaft der gelinkten\/verkn\u00fcpften Seiten haben wir keinerlei Einfluss. Deshalb distanzieren wir uns hiermit ausdr\u00fccklich von allen Inhalten aller gelinkten\/verkn\u00fcpften Seiten, die<br \/>nach der Linksetzung ver\u00e4ndert wurden. Diese Feststellung gilt f\u00fcr alle innerhalb des eigenen Internetangebotes gesetzten Links und Verweise sowie f\u00fcr Fremdeintr\u00e4ge in G\u00e4steb\u00fcchern, Diskussionsforen und Mailinglisten. F\u00fcr illegale, fehlerhafte oder unvollst\u00e4ndige Inhalte, insbesondere f\u00fcr Sch\u00e4den, die aus der Nutzung oder Nichtnutzung solcherart dargebotener Informationen entstehen, haftet allein der Anbieter der Seite, auf welche verwiesen wurde, nicht derjenige, der \u00fcber Links auf die jeweilige Ver\u00f6ffentlichung lediglich verweist.<\/p><h4><b>Urheber-und Kennzeichnungsrecht<\/b><\/h4><p>Wir sind bestrebt, in allen Publikationen die Urheberrechte der verwendeten Grafiken, Tondokumente, Videosequenzen und Texte zu beachten, von uns selbst erstellte Grafiken, Tondokumente, Videosequenzen und Texte zu nutzen oder auf lizenzfreie Grafiken, Tondokumente, Videosequenzen und Texte zur\u00fcckzugreifen. Alle innerhalb des Internetangebotes genannten und ggf. durch Dritte gesch\u00fctzten Marken- und Warenzeichen unterliegen uneingeschr\u00e4nkt den Bestimmungen des jeweils g\u00fcltigen Kennzeichenrechts und den Besitzrechten der jeweiligen eingetragenen Eigent\u00fcmer. Allein aufgrund der blo\u00dfen Nennung ist nicht der Schluss zu ziehen, dass Markenzeichen nicht durch Rechte Dritter gesch\u00fctzt sind! <br \/>Das Copyright f\u00fcr ver\u00f6ffentlichte, von der Project35 Renewables e.K.selbst erstellte Objekte bleibt allein bei uns. Eine Vervielf\u00e4ltigung oder Verwendung solcher Grafiken, Tondokumente, Videosequenzen und Texte in anderen<br \/>elektronischen oder gedruckten Publikationen ist ohne unsere ausdr\u00fcckliche Zustimmung nicht gestattet.<\/p><h4><b>Datenschutz<\/b><\/h4><p>Sofern innerhalb des Internetangebotes die M\u00f6glichkeit zur Eingabe pers\u00f6nlicher oder gesch\u00e4ftlicher Daten (Emailadressen, Namen, Anschriften) besteht, so erfolgt die Preisgabe dieser Daten seitens des Nutzers auf ausdr\u00fccklich freiwilliger Basis. Die Inanspruchnahme und Bezahlung aller angebotenen Dienste ist \u2013 soweit technisch m\u00f6glich und zumutbar \u2013 auch ohne Angabe solcher Daten bzw. unter Angabe anonymisierter Daten oder eines Pseudonyms gestattet. Siehe dazu auch \u201cErkl\u00e4rung zum Datenschutz\u201d unten. Rechtswirksamkeit dieses Haftungsausschlusses. Dieser<\/p><p>Haftungsausschluss ist als Teil des Internetangebotes zu betrachten, von dem aus auf diese Seite verwiesen wurde. Sofern Teile oder einzelne Formulierungen dieses Textes der geltenden Rechtslage nicht, nicht mehr oder nicht vollst\u00e4ndig entsprechen sollten, bleiben die \u00fcbrigen Teile des Dokumentes in ihrem Inhalt und ihrer G\u00fcltigkeit davon unber\u00fchrt.<\/p>\t\t\t\t\t\t\t\t<\/div>\n\t\t\t\t<\/div>\n\t\t\t\t<\/div>\n\t\t\t\t\t<\/div>\n\t\t\t\t<\/div>\n\t\t<div class=\"elementor-element elementor-element-8566339 e-flex e-con-boxed e-con e-parent\" data-id=\"8566339\" data-element_type=\"container\" data-e-type=\"container\">\n\t\t\t\t\t<div class=\"e-con-inner\">\n\t\t<div class=\"elementor-element elementor-element-4f1a379 e-con-full e-flex e-con e-child\" data-id=\"4f1a379\" data-element_type=\"container\" data-e-type=\"container\">\n\t\t\t\t<div class=\"elementor-element elementor-element-fdb12b5 elementor-widget elementor-widget-text-editor\" data-id=\"fdb12b5\" data-element_type=\"widget\" data-e-type=\"widget\" data-widget_type=\"text-editor.default\">\n\t\t\t\t<div class=\"elementor-widget-container\">\n\t\t\t\t\t\t\t\t\t<h4 style=\"font-style: normal;\"><span style=\"font-weight: bold;\">Disclaimer<\/span><\/h4>\n<p style=\"font-size: 14.4px; font-style: normal; font-weight: 400;\"><span style=\"font-weight: bold;\">Content of the online offer<br><\/span><br>Project35 Renewables e.K. assumes no liability for the topicality, correctness, completeness or quality of the information provided. Liability claims against Project35 Renewables e.K. , which relate to material or immaterial damage caused by the use or non-use of the information provided or by the use of incorrect and incomplete information, are generally excluded, provided that Project35 Renewables e.K. There is no evidence of intentional or grossly negligent fault. All offers are subject to change and non-binding. We expressly reserve the right to change, supplement or delete parts of the pages or the entire offering without prior notice or to temporarily or permanently cease publication.<\/p>\n<p style=\"font-size: 14.4px; font-style: normal; font-weight: 400;\">\n<\/p><p style=\"font-size: 14.4px; font-style: normal; font-weight: 400;\">\n<\/p><h4 style=\"font-style: normal;\"><span style=\"font-weight: bold;\">References and links<\/span><\/h4>\n<p style=\"font-size: 14.4px; font-style: normal; font-weight: 400;\"><span style=\"font-weight: bold; font-size: 14.4px; font-style: inherit; color: var( --e-global-color-text ); font-family: var( --e-global-typography-text-font-family ), Sans-serif; text-align: var(--text-align);\">For direct or indirect references to external websites<\/span><\/p>\n<p style=\"font-size: 14.4px; font-style: normal; font-weight: 400;\">(\u201cLinks\u201d) that lie outside our area of responsibility, a liability obligation would only come into force in the event that Project35 Renewables e.K. has knowledge of the content and it would be technically possible and reasonable to prevent its use in the event of illegal content. We hereby expressly declare that at the time the link was created, no illegal content was recognizable on the linked pages. We have no influence on the current and future design, content or authorship of the linked\/connected pages. We therefore hereby expressly distance ourselves from all content on all linked\/connected pages that were changed after the link was created. This statement applies to all links and references set within our own website as well as to third-party entries in guest books, discussion forums and mailing lists. For illegal, incorrect or incomplete content, in particular for damage resulting from the use or non-use of such information, the provider of the page to which reference was made is solely liable, not the person who merely refers to the respective publication via links.<\/p>\n<p style=\"font-size: 14.4px; font-style: normal; font-weight: 400;\">\n<\/p><p style=\"font-size: 14.4px; font-style: normal; font-weight: 400;\">\n<\/p><p style=\"font-size: 14.4px; font-style: normal; font-weight: 400;\">\n<\/p><p style=\"font-size: 14.4px; font-style: normal; font-weight: 400;\">\n<\/p><p style=\"font-size: 14.4px; font-style: normal; font-weight: 400;\">\n<\/p><h4 style=\"font-style: normal;\"><span style=\"font-weight: bold;\">Copyright and trademark law<\/span><span style=\"color: var( --e-global-color-text ); font-family: var( --e-global-typography-text-font-family ), Sans-serif; font-size: 1rem; font-weight: bold; text-align: var(--text-align);\">&nbsp;<\/span><\/h4>\n<p style=\"font-size: 14.4px; font-style: normal; font-weight: 400;\"><span style=\"font-size: 14.4px;\">We strive to respect the copyrights of the graphics, audio documents, video sequences and texts used in all publications, to use graphics, audio documents, video sequences and texts that we have created ourselves or to use license-free graphics, audio documents, video sequences and texts. All brands and trademarks mentioned within the website and possibly protected by third parties are subject without restriction to the provisions of the applicable trademark law and the ownership rights of the respective registered owners. The conclusion that trademarks are not protected by third-party rights should not be drawn based on their mere mention!<\/span><\/p>\n<p style=\"font-size: 14.4px; font-style: normal; font-weight: 400;\">The copyright for published objects created by Project35 Renewables e.K. remains solely with us. Any reproduction or use of such graphics, audio documents, video sequences and texts in others<\/p>\n<p style=\"font-size: 14.4px; font-style: normal; font-weight: 400;\">Electronic or printed publications are not permitted without our express consent.<\/p>\n<h4 style=\"font-style: normal;\"><span style=\"font-weight: bold;\">Data protection<\/span><\/h4>\n<p style=\"font-size: 14.4px; font-style: normal; font-weight: 400;\">If it is possible to enter personal or business data (email addresses, names, addresses) within the Internet offering, the user discloses this data on an expressly voluntary basis. The use and payment of all services offered is permitted &#8211; as far as technically possible and reasonable &#8211; without providing such data or by providing anonymized data or a pseudonym. See also \u201cDeclaration on data protection\u201d below. Legal validity of this exclusion of liability. This disclaimer of liability is to be viewed as part of the Internet offering from which reference was made to this page. If parts or individual formulations of this text do not, no longer or do not completely correspond to the applicable legal situation, the remaining parts of the document remain unaffected in their content and validity.<\/p><p style=\"font-size: 14.4px; font-style: normal; font-weight: 400;\"><br><\/p>\t\t\t\t\t\t\t\t<\/div>\n\t\t\t\t<\/div>\n\t\t\t\t<\/div>\n\t\t\t\t\t<\/div>\n\t\t\t\t<\/div>\n\t\t\t\t<\/div>\n\t\t","protected":false},"excerpt":{"rendered":"<p>Project35 Renewables e.K Sommerdeich 1 25709 Kaiser-Wilhelm-Koog Tel: +49 4856 900 9132 Mail: info@project35.deWeb: www.project35.de Gr\u00fcnder\/ Founder: Frank Gr\u00fctz Verantwortlich f\u00fcr den Inhalt \/ Responsible for the content: Frank Gr\u00fctz Eingetragen beim Amtsgericht Pinneberg:HRA 9835 PI Steuernummer: 16\/125\/02078Umsatzsteuer-ID: DE279342733 Project35\u00ae ist eine eingetragene Marke.Eine rechtsverletzende Nutzung der marke ist verboten und wird geahndet. \u00a0Haftungsauschluss Inhalt &hellip; <\/p>\n<p class=\"link-more\"><a href=\"https:\/\/project35.de\/Home\/?page_id=214\" class=\"more-link\">Mehr <span class=\"screen-reader-text\">\u00fcber &#8222;Impressum&#8220; <\/span>Lesen<\/a><\/p>\n","protected":false},"author":1,"featured_media":0,"parent":0,"menu_order":2,"comment_status":"closed","ping_status":"closed","template":"","meta":{"inspiro_hide_title":false,"footnotes":""},"class_list":["post-214","page","type-page","status-publish","hentry"],"_links":{"self":[{"href":"https:\/\/project35.de\/Home\/index.php?rest_route=\/wp\/v2\/pages\/214","targetHints":{"allow":["GET"]}}],"collection":[{"href":"https:\/\/project35.de\/Home\/index.php?rest_route=\/wp\/v2\/pages"}],"about":[{"href":"https:\/\/project35.de\/Home\/index.php?rest_route=\/wp\/v2\/types\/page"}],"author":[{"embeddable":true,"href":"https:\/\/project35.de\/Home\/index.php?rest_route=\/wp\/v2\/users\/1"}],"replies":[{"embeddable":true,"href":"https:\/\/project35.de\/Home\/index.php?rest_route=%2Fwp%2Fv2%2Fcomments&post=214"}],"version-history":[{"count":71,"href":"https:\/\/project35.de\/Home\/index.php?rest_route=\/wp\/v2\/pages\/214\/revisions"}],"predecessor-version":[{"id":623,"href":"https:\/\/project35.de\/Home\/index.php?rest_route=\/wp\/v2\/pages\/214\/revisions\/623"}],"wp:attachment":[{"href":"https:\/\/project35.de\/Home\/index.php?rest_route=%2Fwp%2Fv2%2Fmedia&parent=214"}],"curies":[{"name":"wp","href":"https:\/\/api.w.org\/{rel}","templated":true}]}}