{"id":2,"date":"2024-07-26T14:59:09","date_gmt":"2024-07-26T12:59:09","guid":{"rendered":"https:\/\/project35.de\/?page_id=2"},"modified":"2025-08-20T16:03:25","modified_gmt":"2025-08-20T14:03:25","slug":"willkommen-auf-der-homepage-von-project35-renewables","status":"publish","type":"page","link":"https:\/\/project35.de\/Home\/","title":{"rendered":"Deutsch"},"content":{"rendered":"\t\t<div data-elementor-type=\"wp-page\" data-elementor-id=\"2\" class=\"elementor elementor-2\">\n\t\t\t\t<div class=\"elementor-element elementor-element-9863763 e-flex e-con-boxed e-con e-parent\" data-id=\"9863763\" data-element_type=\"container\" data-e-type=\"container\">\n\t\t\t\t\t<div class=\"e-con-inner\">\n\t\t\t\t<div class=\"elementor-element elementor-element-5cad2ac elementor-widget elementor-widget-heading\" data-id=\"5cad2ac\" data-element_type=\"widget\" data-e-type=\"widget\" data-widget_type=\"heading.default\">\n\t\t\t\t<div class=\"elementor-widget-container\">\n\t\t\t\t\t<h2 class=\"elementor-heading-title elementor-size-default\">Willkommen bei Project35 Renewables.<br>\n<br>\nIhr kompetenter Partner beim Ausbau der regenerativen Energien.<\/h2>\t\t\t\t<\/div>\n\t\t\t\t<\/div>\n\t\t\t\t\t<\/div>\n\t\t\t\t<\/div>\n\t\t<div class=\"elementor-element elementor-element-34eb97cf e-flex e-con-boxed e-con e-parent\" data-id=\"34eb97cf\" data-element_type=\"container\" data-e-type=\"container\">\n\t\t\t\t\t<div class=\"e-con-inner\">\n\t\t\t\t<div class=\"elementor-element elementor-element-f1882eb elementor-widget elementor-widget-heading\" data-id=\"f1882eb\" data-element_type=\"widget\" data-e-type=\"widget\" data-widget_type=\"heading.default\">\n\t\t\t\t<div class=\"elementor-widget-container\">\n\t\t\t\t\t<h5 class=\"elementor-heading-title elementor-size-default\"><br><br><br><p>Mit mehr als 25 Jahren Erfahrung in der Windenergie sind wir bestrebt die richtige L\u00f6sung f\u00fcr Ihr Projekt zu finden.<br><\/p><p>Ein erfolgreiches Projekt h\u00e4ngt von vielen verschieden Faktoren ab und ein gro\u00dfer Faktor ist die Zeit.<br><br>\nWir unterst\u00fctzen Sie bei der Durchf\u00fchrung Ihres Projektes und erm\u00f6glichen dadurch, dass Sie die gewonne Zeit f\u00fcr Ihr Kerngesch\u00e4ft nutzen k\u00f6nnen.<\/p><p>Unsere langj\u00e4hrige Erfahrung in verschiedenen Projekten bilden hierf\u00fcr ein solides Fundament.<\/p>\n<p>Von der Planung \u00fcber die Bauphase auf der Werft bis zur Inbetriebnahme auf See, begleiten wir Ihr Projekt.<\/p>\n<ul style=\"margin-top:0cm\" type=\"square\">\n <li>termingerecht<\/li>\n <li>kosteneffizient<\/li>\n <li>fachlich kompetent<\/li>\n <li>kundenorientiert<\/li>\n<\/ul>\n\n\n\n<p>Wir sind Ihr kompetenter Ansprechpartner auf der Baustelle\nund \u00fcbernehmen dort die Kontrolle in den verschiedenen Phasen des Projektes.<\/p>\n<ul style=\"margin-top:0cm\" type=\"square\">\n <li>Baukontrolle<\/li>\n <li>Inbetriebnahme<\/li>\n <li>Dokumentation<\/li>\n <li>Designpr\u00fcfung\n     nach Kundenspezifikation<\/li>\n <li>Qualit\u00e4tssicherung<\/li>\n <li>Personalf\u00fchrung<\/li>\n <li>Schalthandlungen<\/li>\n <li>Abnahmen\n     (FAT, SIT, MC, HAT, OAT)<\/li>\n<\/ul>\n<\/ul>\n<\/ul>\n\n\nGerne \u00fcbernehmen wir auch die Verantwortung f\u00fcr die elektrotechnische Organisation Ihres Unternehmens als verantwortliche Elektrofachkraft.<br><\/p><p>\n\nDie DIN VDE 1000-10 fordert die Bestellung einer verantwortlichen Elektrofachkraft (VEFK), wenn der Unternehmer die f\u00fchrende Verantwortung f\u00fcr seinen elektrotechnischen Betrieb oder einen Betriebsteil nicht selbst \u00fcbernehmen m\u00f6chte oder kann. <br><\/p><p>Zudem verlangt die DIN VDE 0105-100 die Benennung eines Anlagenbetreibers f\u00fcr Elektrotechnik. Die VEFK \u00fcbernimmt in diesem Fall die fachliche Leitung des elektrotechnischen Bereichs. Dies bedeutet, dass die VEFK bzw. der Anlagenbetreiber f\u00fcr Elektrotechnik und der Unternehmer als Team zusammenarbeiten und zuverl\u00e4ssig agieren. Bei der Ausf\u00fchrung ihrer Aufgaben muss die VEFK jedoch unabh\u00e4ngig von Weisungen handeln.<br><\/p><p>\n\nIn gro\u00dfen Unternehmen oder Konzernen, die regional weit verteilt sind oder sehr unterschiedliche Aufgabenbereiche haben, ist es notwendig, Hierarchien mit mehreren verantwortlichen Elektrofachkr\u00e4ften zu schaffen.<br><\/p><p>\n\nIch unterst\u00fctze Unternehmen dabei, passende Organisationsstrukturen im Bereich der Elektrotechnik zu entwickeln.<br><\/p><p>\n\nLaut Arbeitsschutzgesetz tr\u00e4gt der Arbeitgeber die Verantwortung f\u00fcr die Sicherheit seiner Mitarbeiter und muss f\u00fcr eine geeignete Organisationsstruktur sorgen. Im Bereich Elektrotechnik ist eine qualifizierte Fachkraft erforderlich, die in der Lage ist, elektrische Gefahren, die im Betrieb auftreten k\u00f6nnen, umfassend zu beurteilen.<br><\/p><p>\n\nIn diesem Bereich sollte eine verantwortliche Elektrofachkraft eingesetzt werden, die die fachliche Leitung des elektrotechnischen Betriebs oder eines entsprechenden Teilbereichs \u00fcbernimmt.\n<\/ul><\/h5>\t\t\t\t<\/div>\n\t\t\t\t<\/div>\n\t\t\t\t\t<\/div>\n\t\t\t\t<\/div>\n\t\t<div class=\"elementor-element elementor-element-5f1d816 e-flex e-con-boxed e-con e-parent\" data-id=\"5f1d816\" data-element_type=\"container\" data-e-type=\"container\">\n\t\t\t\t\t<div class=\"e-con-inner\">\n\t\t<div class=\"elementor-element elementor-element-cd3d598 e-con-full e-flex e-con e-child\" data-id=\"cd3d598\" data-element_type=\"container\" data-e-type=\"container\">\n\t\t\t\t<div class=\"elementor-element elementor-element-63d1915 elementor-widget elementor-widget-image\" data-id=\"63d1915\" data-element_type=\"widget\" data-e-type=\"widget\" data-widget_type=\"image.default\">\n\t\t\t\t<div class=\"elementor-widget-container\">\n\t\t\t\t\t\t\t\t\t\t\t\t\t\t\t<img fetchpriority=\"high\" decoding=\"async\" width=\"768\" height=\"1024\" src=\"https:\/\/project35.de\/wp-content\/uploads\/2024\/09\/wea-768x1024.jpg\" class=\"attachment-large size-large wp-image-47\" alt=\"\" srcset=\"https:\/\/project35.de\/wp-content\/uploads\/2024\/09\/wea-768x1024.jpg 768w, https:\/\/project35.de\/wp-content\/uploads\/2024\/09\/wea-225x300.jpg 225w, https:\/\/project35.de\/wp-content\/uploads\/2024\/09\/wea-1152x1536.jpg 1152w, https:\/\/project35.de\/wp-content\/uploads\/2024\/09\/wea-1536x2048.jpg 1536w, https:\/\/project35.de\/wp-content\/uploads\/2024\/09\/wea-scaled.jpg 1920w\" sizes=\"100vw\" \/>\t\t\t\t\t\t\t\t\t\t\t\t\t\t\t<\/div>\n\t\t\t\t<\/div>\n\t\t\t\t<\/div>\n\t\t<div class=\"elementor-element elementor-element-4c412bb e-con-full e-flex e-con e-child\" data-id=\"4c412bb\" data-element_type=\"container\" data-e-type=\"container\">\n\t\t<div class=\"elementor-element elementor-element-b0cf426 e-con-full e-flex e-con e-child\" data-id=\"b0cf426\" data-element_type=\"container\" data-e-type=\"container\">\n\t\t\t\t<div class=\"elementor-element elementor-element-ea1adaa elementor-widget elementor-widget-heading\" data-id=\"ea1adaa\" data-element_type=\"widget\" data-e-type=\"widget\" data-widget_type=\"heading.default\">\n\t\t\t\t<div class=\"elementor-widget-container\">\n\t\t\t\t\t<h3 class=\"elementor-heading-title elementor-size-default\">Windenergieanlagen<\/h3>\t\t\t\t<\/div>\n\t\t\t\t<\/div>\n\t\t\t\t<div class=\"elementor-element elementor-element-c03ff5f elementor-widget elementor-widget-heading\" data-id=\"c03ff5f\" data-element_type=\"widget\" data-e-type=\"widget\" data-widget_type=\"heading.default\">\n\t\t\t\t<div class=\"elementor-widget-container\">\n\t\t\t\t\t<h5 class=\"elementor-heading-title elementor-size-default\">- Werksabnahme<br>- Aufbau<br>- Inbetriebnahme<br>- Schalthandlungen<br>- Dokumentation<br>- Onshore<br>- Offshore <\/h5>\t\t\t\t<\/div>\n\t\t\t\t<\/div>\n\t\t\t\t<\/div>\n\t\t\t\t<\/div>\n\t\t\t\t\t<\/div>\n\t\t\t\t<\/div>\n\t\t<div class=\"elementor-element elementor-element-089d9a2 e-flex e-con-boxed e-con e-parent\" data-id=\"089d9a2\" data-element_type=\"container\" data-e-type=\"container\">\n\t\t\t\t\t<div class=\"e-con-inner\">\n\t\t<div class=\"elementor-element elementor-element-4936423 e-con-full e-flex e-con e-child\" data-id=\"4936423\" data-element_type=\"container\" data-e-type=\"container\">\n\t\t\t\t<div class=\"elementor-element elementor-element-8c048b9 elementor-widget elementor-widget-image\" data-id=\"8c048b9\" data-element_type=\"widget\" data-e-type=\"widget\" data-widget_type=\"image.default\">\n\t\t\t\t<div class=\"elementor-widget-container\">\n\t\t\t\t\t\t\t\t\t\t\t\t\t\t\t<img decoding=\"async\" width=\"768\" height=\"1024\" src=\"https:\/\/project35.de\/wp-content\/uploads\/2024\/09\/Bild-10-768x1024.jpg\" class=\"attachment-large size-large wp-image-48\" alt=\"\" srcset=\"https:\/\/project35.de\/wp-content\/uploads\/2024\/09\/Bild-10-768x1024.jpg 768w, https:\/\/project35.de\/wp-content\/uploads\/2024\/09\/Bild-10-225x300.jpg 225w, https:\/\/project35.de\/wp-content\/uploads\/2024\/09\/Bild-10-1152x1536.jpg 1152w, https:\/\/project35.de\/wp-content\/uploads\/2024\/09\/Bild-10-1536x2048.jpg 1536w, https:\/\/project35.de\/wp-content\/uploads\/2024\/09\/Bild-10-scaled.jpg 1920w\" sizes=\"100vw\" \/>\t\t\t\t\t\t\t\t\t\t\t\t\t\t\t<\/div>\n\t\t\t\t<\/div>\n\t\t\t\t<\/div>\n\t\t<div class=\"elementor-element elementor-element-c936c01 e-con-full e-flex e-con e-child\" data-id=\"c936c01\" data-element_type=\"container\" data-e-type=\"container\">\n\t\t<div class=\"elementor-element elementor-element-f549a36 e-con-full e-flex e-con e-child\" data-id=\"f549a36\" data-element_type=\"container\" data-e-type=\"container\">\n\t\t\t\t<div class=\"elementor-element elementor-element-9a216a7 elementor-widget elementor-widget-heading\" data-id=\"9a216a7\" data-element_type=\"widget\" data-e-type=\"widget\" data-widget_type=\"heading.default\">\n\t\t\t\t<div class=\"elementor-widget-container\">\n\t\t\t\t\t<h3 class=\"elementor-heading-title elementor-size-default\">Konverterplattform<\/h3>\t\t\t\t<\/div>\n\t\t\t\t<\/div>\n\t\t\t\t<div class=\"elementor-element elementor-element-98a4627 elementor-widget elementor-widget-heading\" data-id=\"98a4627\" data-element_type=\"widget\" data-e-type=\"widget\" data-widget_type=\"heading.default\">\n\t\t\t\t<div class=\"elementor-widget-container\">\n\t\t\t\t\t<h5 class=\"elementor-heading-title elementor-size-default\">- Designpr\u00fcfung<br>- Baubegleitung<br>- Inbetriebnahme<br>- Schalthandlungen<br>- Dokumentation<br>- Qualit\u00e4tssicherung<br>- Onshore <br>- Offshore<\/h5>\t\t\t\t<\/div>\n\t\t\t\t<\/div>\n\t\t\t\t<\/div>\n\t\t\t\t<\/div>\n\t\t\t\t\t<\/div>\n\t\t\t\t<\/div>\n\t\t<div class=\"elementor-element elementor-element-f327d3c e-flex e-con-boxed e-con e-parent\" data-id=\"f327d3c\" data-element_type=\"container\" data-e-type=\"container\">\n\t\t\t\t\t<div class=\"e-con-inner\">\n\t\t<div class=\"elementor-element elementor-element-1545520 e-con-full e-flex e-con e-child\" data-id=\"1545520\" data-element_type=\"container\" data-e-type=\"container\">\n\t\t\t\t<div class=\"elementor-element elementor-element-9c397af elementor-widget elementor-widget-image\" data-id=\"9c397af\" data-element_type=\"widget\" data-e-type=\"widget\" data-widget_type=\"image.default\">\n\t\t\t\t<div class=\"elementor-widget-container\">\n\t\t\t\t\t\t\t\t\t\t\t\t\t\t\t<img decoding=\"async\" width=\"768\" height=\"1024\" src=\"https:\/\/project35.de\/wp-content\/uploads\/2024\/09\/Bild-12-2-768x1024.jpg\" class=\"attachment-large size-large wp-image-49\" alt=\"\" srcset=\"https:\/\/project35.de\/wp-content\/uploads\/2024\/09\/Bild-12-2-768x1024.jpg 768w, https:\/\/project35.de\/wp-content\/uploads\/2024\/09\/Bild-12-2-225x300.jpg 225w, https:\/\/project35.de\/wp-content\/uploads\/2024\/09\/Bild-12-2-1152x1536.jpg 1152w, https:\/\/project35.de\/wp-content\/uploads\/2024\/09\/Bild-12-2-1536x2048.jpg 1536w, https:\/\/project35.de\/wp-content\/uploads\/2024\/09\/Bild-12-2-scaled.jpg 1920w\" sizes=\"100vw\" \/>\t\t\t\t\t\t\t\t\t\t\t\t\t\t\t<\/div>\n\t\t\t\t<\/div>\n\t\t\t\t<\/div>\n\t\t<div class=\"elementor-element elementor-element-82f4a21 e-con-full e-flex e-con e-child\" data-id=\"82f4a21\" data-element_type=\"container\" data-e-type=\"container\">\n\t\t<div class=\"elementor-element elementor-element-6b3d6ce e-con-full e-flex e-con e-child\" data-id=\"6b3d6ce\" data-element_type=\"container\" data-e-type=\"container\">\n\t\t\t\t<div class=\"elementor-element elementor-element-5f50fda elementor-widget elementor-widget-heading\" data-id=\"5f50fda\" data-element_type=\"widget\" data-e-type=\"widget\" data-widget_type=\"heading.default\">\n\t\t\t\t<div class=\"elementor-widget-container\">\n\t\t\t\t\t<h3 class=\"elementor-heading-title elementor-size-default\">Transition Piece<\/h3>\t\t\t\t<\/div>\n\t\t\t\t<\/div>\n\t\t\t\t<div class=\"elementor-element elementor-element-2af92a9 elementor-widget elementor-widget-heading\" data-id=\"2af92a9\" data-element_type=\"widget\" data-e-type=\"widget\" data-widget_type=\"heading.default\">\n\t\t\t\t<div class=\"elementor-widget-container\">\n\t\t\t\t\t<h5 class=\"elementor-heading-title elementor-size-default\">- Designpr\u00fcfung<br>- Baubegleitung<br>- Inbetriebnahme<br>- Schalthandlungen<br>- Dokumentation<br>- Qualit\u00e4tssicherung<br>- Onshore <br>- Offshore<\/h5>\t\t\t\t<\/div>\n\t\t\t\t<\/div>\n\t\t\t\t<\/div>\n\t\t\t\t<\/div>\n\t\t\t\t\t<\/div>\n\t\t\t\t<\/div>\n\t\t<div class=\"elementor-element elementor-element-71aacaa e-flex e-con-boxed e-con e-parent\" data-id=\"71aacaa\" data-element_type=\"container\" data-e-type=\"container\">\n\t\t\t\t\t<div class=\"e-con-inner\">\n\t\t\t\t<div class=\"elementor-element elementor-element-0a25e68 elementor-widget elementor-widget-text-editor\" data-id=\"0a25e68\" data-element_type=\"widget\" data-e-type=\"widget\" data-widget_type=\"text-editor.default\">\n\t\t\t\t<div class=\"elementor-widget-container\">\n\t\t\t\t\t\t\t\t\t<h5 style=\"color: #112b5e; font-size: 20px; font-weight: 400; text-align: center;\" data-elementor-setting-key=\"title\" data-pen-placeholder=\"Eingabe hier...\">J\u00fcngste Projekte aus der Vergangenheit&#8230;<\/h5>\t\t\t\t\t\t\t\t<\/div>\n\t\t\t\t<\/div>\n\t\t\t\t\t<\/div>\n\t\t\t\t<\/div>\n\t\t<div class=\"elementor-element elementor-element-f7a7bd2 e-flex e-con-boxed e-con e-parent\" data-id=\"f7a7bd2\" data-element_type=\"container\" data-e-type=\"container\">\n\t\t\t\t\t<div class=\"e-con-inner\">\n\t\t\t\t<div class=\"elementor-element elementor-element-8c0cd22 elementor-position-top elementor-widget elementor-widget-image-box\" data-id=\"8c0cd22\" data-element_type=\"widget\" data-e-type=\"widget\" data-widget_type=\"image-box.default\">\n\t\t\t\t<div class=\"elementor-widget-container\">\n\t\t\t\t\t<div class=\"elementor-image-box-wrapper\"><figure class=\"elementor-image-box-img\"><img loading=\"lazy\" decoding=\"async\" width=\"2560\" height=\"1920\" src=\"https:\/\/project35.de\/wp-content\/uploads\/2024\/09\/IMG_8958-scaled.jpeg\" class=\"attachment-full size-full wp-image-471\" alt=\"\" srcset=\"https:\/\/project35.de\/wp-content\/uploads\/2024\/09\/IMG_8958-scaled.jpeg 2560w, https:\/\/project35.de\/wp-content\/uploads\/2024\/09\/IMG_8958-300x225.jpeg 300w, https:\/\/project35.de\/wp-content\/uploads\/2024\/09\/IMG_8958-1024x768.jpeg 1024w, https:\/\/project35.de\/wp-content\/uploads\/2024\/09\/IMG_8958-2000x1500.jpeg 2000w, https:\/\/project35.de\/wp-content\/uploads\/2024\/09\/IMG_8958-scaled-1536x1152.jpeg 1536w, https:\/\/project35.de\/wp-content\/uploads\/2024\/09\/IMG_8958-scaled-2048x1536.jpeg 2048w\" sizes=\"(max-width: 2560px) 100vw, 2560px\" \/><\/figure><div class=\"elementor-image-box-content\"><h3 class=\"elementor-image-box-title\">OSS Baltic Eagle<\/h3><p class=\"elementor-image-box-description\">Baubegleitung w\u00e4hrend der Bauphase  in der Werft und Inbetriebnahmebegleitung in der Ostsee.<\/p><\/div><\/div>\t\t\t\t<\/div>\n\t\t\t\t<\/div>\n\t\t\t\t\t<\/div>\n\t\t\t\t<\/div>\n\t\t<div class=\"elementor-element elementor-element-194ae7f e-flex e-con-boxed e-con e-parent\" data-id=\"194ae7f\" data-element_type=\"container\" data-e-type=\"container\">\n\t\t\t\t\t<div class=\"e-con-inner\">\n\t\t\t\t<div class=\"elementor-element elementor-element-4b99eb9 elementor-position-top elementor-widget elementor-widget-image-box\" data-id=\"4b99eb9\" data-element_type=\"widget\" data-e-type=\"widget\" data-widget_type=\"image-box.default\">\n\t\t\t\t<div class=\"elementor-widget-container\">\n\t\t\t\t\t<div class=\"elementor-image-box-wrapper\"><figure class=\"elementor-image-box-img\"><img loading=\"lazy\" decoding=\"async\" width=\"1920\" height=\"2560\" src=\"https:\/\/project35.de\/wp-content\/uploads\/2024\/09\/IMG_7718-scaled.jpeg\" class=\"attachment-full size-full wp-image-474\" alt=\"\" srcset=\"https:\/\/project35.de\/wp-content\/uploads\/2024\/09\/IMG_7718-scaled.jpeg 1920w, https:\/\/project35.de\/wp-content\/uploads\/2024\/09\/IMG_7718-225x300.jpeg 225w, https:\/\/project35.de\/wp-content\/uploads\/2024\/09\/IMG_7718-768x1024.jpeg 768w, https:\/\/project35.de\/wp-content\/uploads\/2024\/09\/IMG_7718-2000x2667.jpeg 2000w, https:\/\/project35.de\/wp-content\/uploads\/2024\/09\/IMG_7718-scaled-1152x1536.jpeg 1152w, https:\/\/project35.de\/wp-content\/uploads\/2024\/09\/IMG_7718-scaled-1536x2048.jpeg 1536w\" sizes=\"(max-width: 1920px) 100vw, 1920px\" \/><\/figure><div class=\"elementor-image-box-content\"><h3 class=\"elementor-image-box-title\">OSS Arcadis Ost<\/h3><p class=\"elementor-image-box-description\">Baubegleitung w\u00e4hrend der Bauphase  in der Werft und Inbetriebnahmebegleitung in der Ostsee.<\/p><\/div><\/div>\t\t\t\t<\/div>\n\t\t\t\t<\/div>\n\t\t\t\t\t<\/div>\n\t\t\t\t<\/div>\n\t\t<div class=\"elementor-element elementor-element-6adc252 e-flex e-con-boxed e-con e-parent\" data-id=\"6adc252\" data-element_type=\"container\" data-e-type=\"container\">\n\t\t\t\t\t<div class=\"e-con-inner\">\n\t\t\t\t<div class=\"elementor-element elementor-element-7dc77b2 elementor-position-top elementor-widget elementor-widget-image-box\" data-id=\"7dc77b2\" data-element_type=\"widget\" data-e-type=\"widget\" data-widget_type=\"image-box.default\">\n\t\t\t\t<div class=\"elementor-widget-container\">\n\t\t\t\t\t<div class=\"elementor-image-box-wrapper\"><figure class=\"elementor-image-box-img\"><img loading=\"lazy\" decoding=\"async\" width=\"2560\" height=\"1920\" src=\"https:\/\/project35.de\/wp-content\/uploads\/2024\/09\/Bild-01-1-scaled.jpg\" class=\"attachment-full size-full wp-image-418\" alt=\"\" srcset=\"https:\/\/project35.de\/wp-content\/uploads\/2024\/09\/Bild-01-1-scaled.jpg 2560w, https:\/\/project35.de\/wp-content\/uploads\/2024\/09\/Bild-01-1-300x225.jpg 300w, https:\/\/project35.de\/wp-content\/uploads\/2024\/09\/Bild-01-1-1024x768.jpg 1024w, https:\/\/project35.de\/wp-content\/uploads\/2024\/09\/Bild-01-1-2000x1500.jpg 2000w, https:\/\/project35.de\/wp-content\/uploads\/2024\/09\/Bild-01-1-scaled-1536x1152.jpg 1536w, https:\/\/project35.de\/wp-content\/uploads\/2024\/09\/Bild-01-1-scaled-2048x1536.jpg 2048w\" sizes=\"(max-width: 2560px) 100vw, 2560px\" \/><\/figure><div class=\"elementor-image-box-content\"><h3 class=\"elementor-image-box-title\">TP Horns Rev 3<\/h3><p class=\"elementor-image-box-description\">Baubegleitung w\u00e4hrend der Bauphase  in der Werft.<\/p><\/div><\/div>\t\t\t\t<\/div>\n\t\t\t\t<\/div>\n\t\t\t\t\t<\/div>\n\t\t\t\t<\/div>\n\t\t<div class=\"elementor-element elementor-element-42a13f0 e-flex e-con-boxed e-con e-parent\" data-id=\"42a13f0\" data-element_type=\"container\" data-e-type=\"container\">\n\t\t\t\t\t<div class=\"e-con-inner\">\n\t\t\t\t<div class=\"elementor-element elementor-element-0821246 elementor-widget-divider--view-line elementor-widget elementor-widget-divider\" data-id=\"0821246\" data-element_type=\"widget\" data-e-type=\"widget\" data-widget_type=\"divider.default\">\n\t\t\t\t<div class=\"elementor-widget-container\">\n\t\t\t\t\t\t\t<div class=\"elementor-divider\">\n\t\t\t<span class=\"elementor-divider-separator\">\n\t\t\t\t\t\t<\/span>\n\t\t<\/div>\n\t\t\t\t\t\t<\/div>\n\t\t\t\t<\/div>\n\t\t\t\t\t<\/div>\n\t\t\t\t<\/div>\n\t\t<div class=\"elementor-element elementor-element-3b8a6cb e-flex e-con-boxed e-con e-parent\" data-id=\"3b8a6cb\" data-element_type=\"container\" data-e-type=\"container\">\n\t\t\t\t\t<div class=\"e-con-inner\">\n\t\t\t\t<div class=\"elementor-element elementor-element-dba66fb elementor-widget elementor-widget-heading\" data-id=\"dba66fb\" data-element_type=\"widget\" data-e-type=\"widget\" data-widget_type=\"heading.default\">\n\t\t\t\t<div class=\"elementor-widget-container\">\n\t\t\t\t\t<h5 class=\"elementor-heading-title elementor-size-default\">Gerne schulen wir auch Ihr Personal und f\u00fchren die j\u00e4hrliche Unterweisung gem\u00e4\u00df DGUV 1 durch.<br><br>Daf\u00fcr bietet sich auch unsere E-Learning Portal an. <br><br>Dort k\u00f6nnen Sie sich registrieren, die entsprechende Unterweisung ausw\u00e4hlen und am Ende erhalte Sie nach erfolgreicher Teilnahme dann das Zertifikat. <br><\/h5>\t\t\t\t<\/div>\n\t\t\t\t<\/div>\n\t\t\t\t\t<\/div>\n\t\t\t\t<\/div>\n\t\t<div class=\"elementor-element elementor-element-d5d0e1a e-flex e-con-boxed e-con e-parent\" data-id=\"d5d0e1a\" data-element_type=\"container\" data-e-type=\"container\">\n\t\t\t\t\t<div class=\"e-con-inner\">\n\t\t\t\t<div class=\"elementor-element elementor-element-2cffe7c elementor-widget elementor-widget-button\" data-id=\"2cffe7c\" data-element_type=\"widget\" data-e-type=\"widget\" data-widget_type=\"button.default\">\n\t\t\t\t<div class=\"elementor-widget-container\">\n\t\t\t\t\t\t\t\t\t<div class=\"elementor-button-wrapper\">\n\t\t\t\t\t<a class=\"elementor-button elementor-button-link elementor-size-sm\" href=\"https:\/\/project35.de\/home\/?page_id=289\" target=\"_blank\" id=\"Elearn\">\n\t\t\t\t\t\t<span class=\"elementor-button-content-wrapper\">\n\t\t\t\t\t\t\t\t\t<span class=\"elementor-button-text\">E-Learning<\/span>\n\t\t\t\t\t<\/span>\n\t\t\t\t\t<\/a>\n\t\t\t\t<\/div>\n\t\t\t\t\t\t\t\t<\/div>\n\t\t\t\t<\/div>\n\t\t\t\t\t<\/div>\n\t\t\t\t<\/div>\n\t\t\t\t<\/div>\n\t\t","protected":false},"excerpt":{"rendered":"<p>Willkommen bei Project35 Renewables. Ihr kompetenter Partner beim Ausbau der regenerativen Energien. Mit mehr als 25 Jahren Erfahrung in der Windenergie sind wir bestrebt die richtige L\u00f6sung f\u00fcr Ihr Projekt zu finden. Ein erfolgreiches Projekt h\u00e4ngt von vielen verschieden Faktoren ab und ein gro\u00dfer Faktor ist die Zeit. Wir unterst\u00fctzen Sie bei der Durchf\u00fchrung Ihres &hellip; <\/p>\n<p class=\"link-more\"><a href=\"https:\/\/project35.de\/Home\/\" class=\"more-link\">Mehr <span class=\"screen-reader-text\">\u00fcber &#8222;Deutsch&#8220; <\/span>Lesen<\/a><\/p>\n","protected":false},"author":1,"featured_media":0,"parent":0,"menu_order":0,"comment_status":"closed","ping_status":"closed","template":"elementor_theme","meta":{"inspiro_hide_title":false,"footnotes":""},"class_list":["post-2","page","type-page","status-publish","hentry"],"_links":{"self":[{"href":"https:\/\/project35.de\/Home\/index.php?rest_route=\/wp\/v2\/pages\/2","targetHints":{"allow":["GET"]}}],"collection":[{"href":"https:\/\/project35.de\/Home\/index.php?rest_route=\/wp\/v2\/pages"}],"about":[{"href":"https:\/\/project35.de\/Home\/index.php?rest_route=\/wp\/v2\/types\/page"}],"author":[{"embeddable":true,"href":"https:\/\/project35.de\/Home\/index.php?rest_route=\/wp\/v2\/users\/1"}],"replies":[{"embeddable":true,"href":"https:\/\/project35.de\/Home\/index.php?rest_route=%2Fwp%2Fv2%2Fcomments&post=2"}],"version-history":[{"count":173,"href":"https:\/\/project35.de\/Home\/index.php?rest_route=\/wp\/v2\/pages\/2\/revisions"}],"predecessor-version":[{"id":619,"href":"https:\/\/project35.de\/Home\/index.php?rest_route=\/wp\/v2\/pages\/2\/revisions\/619"}],"wp:attachment":[{"href":"https:\/\/project35.de\/Home\/index.php?rest_route=%2Fwp%2Fv2%2Fmedia&parent=2"}],"curies":[{"name":"wp","href":"https:\/\/api.w.org\/{rel}","templated":true}]}}